{"id":821,"date":"2016-04-26T10:23:37","date_gmt":"2016-04-26T10:23:37","guid":{"rendered":"http:\/\/www.caminogourmet.com\/?page_id=821"},"modified":"2024-02-07T09:46:15","modified_gmt":"2024-02-07T09:46:15","slug":"quienes-somos","status":"publish","type":"page","link":"http:\/\/www.caminogourmet.com\/en\/quienes-somos\/","title":{"rendered":"About us"},"content":{"rendered":"<p><\/p>\n<div>\n<p>\u00a0The establishments that we recommend have been selected by pilgrims who have done the Camino who like to eat well, drink good wine and sleep in a place where they are pampered. Many thanks to everyone, especially Cristina Mayoral Mart\u00ednez, Carlos E. G\u00f3mez Gonz\u00e1lez, Ana Dom\u00ednguez, \u00c1lvaro Garc\u00eda, Rosa Arconada, Luis and Antonio L\u00f3pez, John Young and Herminio Garc\u00eda Corral who have worked so hard to make this guide a help for pilgrims.<\/p>\n<p>Thanks to all of them.<\/p>\n<p>www.milojos.com<\/p>\n<p>&nbsp;<\/p>\n<div>\n<p>&nbsp;<\/p>\n<\/div>\n<\/div>\n<section class=\"main container\">\n<div class=\"row blog-posts\"><\/div>\n<\/section>\n<p><\/p>","protected":false},"excerpt":{"rendered":"<p>\u00a0The establishments that we recommend have been selected by pilgrims who have done the Camino who like to eat well, drink good wine and sleep in a place where they are pampered. Many thanks to everyone, especially Cristina Mayoral Mart\u00ednez, Carlos E. G\u00f3mez Gonz\u00e1lez, Ana Dom\u00ednguez, \u00c1lvaro Garc\u00eda, Rosa Arconada, Luis and Antonio L\u00f3pez, John Young and Herminio Garc\u00eda Corral &hellip;<\/p>\n","protected":false},"author":1,"featured_media":0,"parent":0,"menu_order":0,"comment_status":"closed","ping_status":"closed","template":"templates\/page-full-width.php","meta":[],"_links":{"self":[{"href":"http:\/\/www.caminogourmet.com\/en\/wp-json\/wp\/v2\/pages\/821"}],"collection":[{"href":"http:\/\/www.caminogourmet.com\/en\/wp-json\/wp\/v2\/pages"}],"about":[{"href":"http:\/\/www.caminogourmet.com\/en\/wp-json\/wp\/v2\/types\/page"}],"author":[{"embeddable":true,"href":"http:\/\/www.caminogourmet.com\/en\/wp-json\/wp\/v2\/users\/1"}],"replies":[{"embeddable":true,"href":"http:\/\/www.caminogourmet.com\/en\/wp-json\/wp\/v2\/comments?post=821"}],"version-history":[{"count":34,"href":"http:\/\/www.caminogourmet.com\/en\/wp-json\/wp\/v2\/pages\/821\/revisions"}],"predecessor-version":[{"id":916,"href":"http:\/\/www.caminogourmet.com\/en\/wp-json\/wp\/v2\/pages\/821\/revisions\/916"}],"wp:attachment":[{"href":"http:\/\/www.caminogourmet.com\/en\/wp-json\/wp\/v2\/media?parent=821"}],"curies":[{"name":"wp","href":"https:\/\/api.w.org\/{rel}","templated":true}]}}